{"id":4,"date":"2020-01-15T19:39:57","date_gmt":"2020-01-15T19:39:57","guid":{"rendered":"https:\/\/belana.live-website.com\/willkommen-auf-https-belana-live-website-com"},"modified":"2021-01-21T19:47:12","modified_gmt":"2021-01-21T18:47:12","slug":"willkommen-auf-segelyacht-belana-website","status":"publish","type":"page","link":"https:\/\/sy-belana.de\/en\/","title":{"rendered":"Start"},"content":{"rendered":"<div class=\"wp-block-image\"><figure class=\"alignleft size-large is-resized\"><img loading=\"lazy\" decoding=\"async\" src=\"https:\/\/sy-belana.de\/wp-content\/uploads\/2020\/01\/IMG-20190802-WA0058-768x1024.jpg\" alt=\"\" class=\"wp-image-54\" width=\"121\" height=\"161\"\/><\/figure><\/div>\n\n\n\n<p class=\"has-blue-background-color has-background\">The origin of the name Belana is in Celtic mythology. He is the name of the goddess of light.<br>W\u00f6rtlich \u00fcbersetzt bedeutet Belana<br>&#8222;Mutter des Lichts&#8220;<\/p>\n\n\n\n<p class=\"has-text-align-left has-blue-background-color has-background\">Hier entsteht eine Homepage von Mandy, Luisa, Finja und Elmar und \u00fcber meine Segelyacht &#8222;Belana&#8220;. <br>Zus\u00e4tzlich haben wir auch einen YouTube Kanal ins Leben gerufen. Noch sind wir nicht professionell beim Erstellen von Videos, arbeiten allerdings daran euch tolle Videos zu bieten.<br>Es bleibt zu erw\u00e4hnen, dass wir dies nur nebenbei zum Zeitvertreib tun und es deswegen auch mal l\u00e4nger dauern kann.<br><br>Viel Spass!<\/p>\n\n\n\n<figure class=\"wp-block-embed is-type-video is-provider-youtube wp-block-embed-youtube wp-embed-aspect-16-9 wp-has-aspect-ratio\"><div class=\"wp-block-embed__wrapper\">\n<iframe loading=\"lazy\" title=\"Belana Introduction\" width=\"750\" height=\"422\" src=\"https:\/\/www.youtube.com\/embed\/_mhXXDXqYxE?feature=oembed\" frameborder=\"0\" allow=\"accelerometer; autoplay; clipboard-write; encrypted-media; gyroscope; picture-in-picture\" allowfullscreen><\/iframe>\n<\/div><\/figure>","protected":false},"excerpt":{"rendered":"<p>Der Ursprung des Namens Belana liegt in der keltischen Mythologie. Er ist der Name der G\u00f6ttin des Lichts.W\u00f6rtlich \u00fcbersetzt bedeutet Belana&#8222;Mutter des Lichts&#8220; Hier entsteht eine Homepage von Mandy, Luisa, Finja und Elmar und \u00fcber meine Segelyacht &#8222;Belana&#8220;. Zus\u00e4tzlich haben wir auch einen YouTube Kanal ins Leben gerufen. Noch sind wir nicht professionell beim Erstellen&hellip; <a class=\"more-link\" href=\"https:\/\/sy-belana.de\/en\/\">Continue reading <span class=\"screen-reader-text\">Start<\/span><\/a><\/p>","protected":false},"author":1,"featured_media":0,"parent":0,"menu_order":0,"comment_status":"closed","ping_status":"open","template":"","meta":{"ngg_post_thumbnail":0,"footnotes":""},"class_list":["post-4","page","type-page","status-publish","hentry","entry"],"_links":{"self":[{"href":"https:\/\/sy-belana.de\/en\/wp-json\/wp\/v2\/pages\/4","targetHints":{"allow":["GET"]}}],"collection":[{"href":"https:\/\/sy-belana.de\/en\/wp-json\/wp\/v2\/pages"}],"about":[{"href":"https:\/\/sy-belana.de\/en\/wp-json\/wp\/v2\/types\/page"}],"author":[{"embeddable":true,"href":"https:\/\/sy-belana.de\/en\/wp-json\/wp\/v2\/users\/1"}],"replies":[{"embeddable":true,"href":"https:\/\/sy-belana.de\/en\/wp-json\/wp\/v2\/comments?post=4"}],"version-history":[{"count":16,"href":"https:\/\/sy-belana.de\/en\/wp-json\/wp\/v2\/pages\/4\/revisions"}],"predecessor-version":[{"id":298,"href":"https:\/\/sy-belana.de\/en\/wp-json\/wp\/v2\/pages\/4\/revisions\/298"}],"wp:attachment":[{"href":"https:\/\/sy-belana.de\/en\/wp-json\/wp\/v2\/media?parent=4"}],"curies":[{"name":"wp","href":"https:\/\/api.w.org\/{rel}","templated":true}]}}