{"id":18,"date":"2020-01-15T22:55:51","date_gmt":"2020-01-15T21:55:51","guid":{"rendered":"https:\/\/belana.live-website.com\/?page_id=18"},"modified":"2021-01-21T13:47:13","modified_gmt":"2021-01-21T12:47:13","slug":"schiffdaten","status":"publish","type":"page","link":"https:\/\/sy-belana.de\/en\/schiffdaten\/","title":{"rendered":"Ship Data"},"content":{"rendered":"\n<figure class=\"wp-block-table is-style-regular\"><table class=\"has-subtle-pale-blue-background-color has-background\"><tbody><tr><td><strong><span class=\"highlight\">Abmessungen<\/span><\/strong><\/td><td class=\"has-text-align-right\" data-align=\"right\"><\/td><\/tr><tr><td><\/td><td class=\"has-text-align-right\" data-align=\"right\"><\/td><\/tr><tr><td>L\u00e4nge<\/td><td class=\"has-text-align-right\" data-align=\"right\">12,17 m<\/td><\/tr><tr><td>Breite<\/td><td class=\"has-text-align-right\" data-align=\"right\">3,78 m<\/td><\/tr><tr><td>Tiefgang<\/td><td class=\"has-text-align-right\" data-align=\"right\">2,40 m<\/td><\/tr><tr><td>Lichte H\u00f6he im Wasser<\/td><td class=\"has-text-align-right\" data-align=\"right\">18,00 m<\/td><\/tr><tr><td><\/td><td class=\"has-text-align-right\" data-align=\"right\"><\/td><\/tr><tr><td><strong><mark>Gewichte<\/mark><\/strong><\/td><td class=\"has-text-align-right\" data-align=\"right\"><\/td><\/tr><tr><td><\/td><td class=\"has-text-align-right\" data-align=\"right\"><\/td><\/tr><tr><td>Verdr\u00e4ngung<\/td><td class=\"has-text-align-right\" data-align=\"right\">6970 kg<\/td><\/tr><tr><td>Ballast<\/td><td class=\"has-text-align-right\" data-align=\"right\">2707 kg<\/td><\/tr><tr><td>Balastanteil<\/td><td class=\"has-text-align-right\" data-align=\"right\">39,14 %<\/td><\/tr><tr><td><\/td><td class=\"has-text-align-right\" data-align=\"right\"><\/td><\/tr><tr><td><strong><mark>Segel<\/mark><\/strong><\/td><td class=\"has-text-align-right\" data-align=\"right\"><\/td><\/tr><tr><td><\/td><td class=\"has-text-align-right\" data-align=\"right\"><\/td><\/tr><tr><td>Genua<\/td><td class=\"has-text-align-right\" data-align=\"right\">51 qm<\/td><\/tr><tr><td>Gross<\/td><td class=\"has-text-align-right\" data-align=\"right\">47 qm<\/td><\/tr><tr><td>Spinnaker<\/td><td class=\"has-text-align-right\" data-align=\"right\">105 qm<\/td><\/tr><tr><td><\/td><td class=\"has-text-align-right\" data-align=\"right\"><\/td><\/tr><tr><td><strong><mark>Motor<\/mark><\/strong><\/td><td class=\"has-text-align-right\" data-align=\"right\"><\/td><\/tr><tr><td><\/td><td class=\"has-text-align-right\" data-align=\"right\"><\/td><\/tr><tr><td>Volvo Penta 2040C<\/td><td class=\"has-text-align-right\" data-align=\"right\">40 PS<\/td><\/tr><tr><td>Dieseltank<\/td><td class=\"has-text-align-right\" data-align=\"right\">138 L<\/td><\/tr><tr><td><\/td><td class=\"has-text-align-right\" data-align=\"right\"><\/td><\/tr><tr><td><strong><mark>Frischwasser<\/mark><\/strong><\/td><td class=\"has-text-align-right\" data-align=\"right\"><\/td><\/tr><tr><td><\/td><td class=\"has-text-align-right\" data-align=\"right\"><\/td><\/tr><tr><td>Frischwassertanks<\/td><td class=\"has-text-align-right\" data-align=\"right\">2x 136 L<\/td><\/tr><tr><td><\/td><td class=\"has-text-align-right\" data-align=\"right\"><\/td><\/tr><tr><td><strong><mark>Hersteller\/Designer<\/mark><\/strong><\/td><td class=\"has-text-align-right\" data-align=\"right\"><\/td><\/tr><tr><td><\/td><td class=\"has-text-align-right\" data-align=\"right\"><\/td><\/tr><tr><td>Hersteller<\/td><td class=\"has-text-align-right\" data-align=\"right\">Beneteau<\/td><\/tr><tr><td>Schiffstyp<\/td><td class=\"has-text-align-right\" data-align=\"right\">First 40.7<\/td><\/tr><tr><td>Konstrukteur<\/td><td class=\"has-text-align-right\" data-align=\"right\">Bruce Farr<\/td><\/tr><tr><td><\/td><td class=\"has-text-align-right\" data-align=\"right\"><\/td><\/tr><\/tbody><\/table><\/figure>\n\n\n\n<div id=\"wp-block-themeisle-blocks-slider-abe1a9ca\" class=\"wp-block-themeisle-blocks-slider glide\" data-per-view=\"1\" data-gap=\"0\" data-peek=\"0\" data-autoplay=\"true\"><div class=\"glide__track\" data-glide-el=\"track\"><div class=\"glide__slides\" style=\"height:423px\"><div class=\"wp-block-themeisle-blocks-slider-item-wrapper glide__slide\" tabindex=\"0\"><figure><img decoding=\"async\" class=\"wp-block-themeisle-blocks-slider-item\" src=\"https:\/\/sy-belana.de\/wp-content\/uploads\/2020\/02\/First407_Interieur.jpg\" alt=\"\" title=\"\" data-id=\"127\"\/><figcaption>Interieur<\/figcaption><\/figure><\/div><div class=\"wp-block-themeisle-blocks-slider-item-wrapper glide__slide\" tabindex=\"0\"><figure><img decoding=\"async\" class=\"wp-block-themeisle-blocks-slider-item\" src=\"https:\/\/sy-belana.de\/wp-content\/uploads\/2020\/02\/First407_Profile_quer.jpg\" alt=\"\" title=\"\" data-id=\"128\"\/><figcaption>Profil<\/figcaption><\/figure><\/div><\/div><div class=\"glide__arrows\" data-glide-el=\"controls\"><button class=\"glide__arrow glide__arrow--left\" data-glide-dir=\"<\"><svg xmlns=\"http:\/\/www.w3.org\/2000\/svg\" width=\"18\" height=\"18\" viewbox=\"0 0 100 100\" role=\"img\" aria-hidden=\"true\" focusable=\"false\"><path d=\"M 10,50 L 60,100 L 70,90 L 30,50  L 70,10 L 60,0 Z\"><\/path><\/svg><\/button><button class=\"glide__arrow glide__arrow--right\" data-glide-dir=\"&gt;\"><svg xmlns=\"http:\/\/www.w3.org\/2000\/svg\" width=\"18\" height=\"18\" viewbox=\"0 0 100 100\" role=\"img\" aria-hidden=\"true\" focusable=\"false\"><path d=\"M 10,50 L 60,100 L 70,90 L 30,50  L 70,10 L 60,0 Z\"><\/path><\/svg><\/button><\/div><div class=\"glide__bullets\" data-glide-el=\"controls[nav]\"><button class=\"glide__bullet\" data-glide-dir=\"=0\"><\/button><button class=\"glide__bullet\" data-glide-dir=\"=1\"><\/button><\/div><\/div><\/div>\n","protected":false},"excerpt":{"rendered":"<p>Abmessungen L\u00e4nge 12,17 m Breite 3,78 m Tiefgang 2,40 m Lichte H\u00f6he im Wasser 18,00 m Gewichte Verdr\u00e4ngung 6970 kg Ballast 2707 kg Balastanteil 39,14 % Segel Genua 51 qm Gross 47 qm Spinnaker 105 qm Motor Volvo Penta 2040C 40 PS Dieseltank 138 L Frischwasser Frischwassertanks 2x 136 L Hersteller\/Designer Hersteller Beneteau Schiffstyp First&hellip; <a class=\"more-link\" href=\"https:\/\/sy-belana.de\/en\/schiffdaten\/\">Continue reading <span class=\"screen-reader-text\">Ship Data<\/span><\/a><\/p>","protected":false},"author":1,"featured_media":0,"parent":0,"menu_order":0,"comment_status":"closed","ping_status":"closed","template":"","meta":{"ngg_post_thumbnail":0,"footnotes":""},"class_list":["post-18","page","type-page","status-publish","hentry","entry"],"_links":{"self":[{"href":"https:\/\/sy-belana.de\/en\/wp-json\/wp\/v2\/pages\/18","targetHints":{"allow":["GET"]}}],"collection":[{"href":"https:\/\/sy-belana.de\/en\/wp-json\/wp\/v2\/pages"}],"about":[{"href":"https:\/\/sy-belana.de\/en\/wp-json\/wp\/v2\/types\/page"}],"author":[{"embeddable":true,"href":"https:\/\/sy-belana.de\/en\/wp-json\/wp\/v2\/users\/1"}],"replies":[{"embeddable":true,"href":"https:\/\/sy-belana.de\/en\/wp-json\/wp\/v2\/comments?post=18"}],"version-history":[{"count":15,"href":"https:\/\/sy-belana.de\/en\/wp-json\/wp\/v2\/pages\/18\/revisions"}],"predecessor-version":[{"id":290,"href":"https:\/\/sy-belana.de\/en\/wp-json\/wp\/v2\/pages\/18\/revisions\/290"}],"wp:attachment":[{"href":"https:\/\/sy-belana.de\/en\/wp-json\/wp\/v2\/media?parent=18"}],"curies":[{"name":"wp","href":"https:\/\/api.w.org\/{rel}","templated":true}]}}