{"id":170,"date":"2020-02-16T22:28:41","date_gmt":"2020-02-16T21:28:41","guid":{"rendered":"https:\/\/sy-belana.de\/?page_id=170"},"modified":"2021-01-21T11:14:24","modified_gmt":"2021-01-21T10:14:24","slug":"von-fiumicino-nach-genua","status":"publish","type":"page","link":"https:\/\/sy-belana.de\/en\/turns\/von-fiumicino-nach-genua\/","title":{"rendered":"Von Fiumicino nach Genua"},"content":{"rendered":"<div class=\"wp-block-themeisle-blocks-advanced-columns has-undefined-columns has-desktop-undefined-layout has-tablet-equal-layout has-mobile-equal-layout has-default-gap has-vertical-unset\" id=\"wp-block-themeisle-blocks-advanced-columns-fc32e03d\"><div class=\"wp-block-themeisle-blocks-advanced-columns-overlay\"><\/div><div class=\"innerblocks-wrap\"><\/div><\/div>\n\n\n\n<div class=\"wp-block-media-text alignwide is-vertically-aligned-center\" style=\"grid-template-columns:62% auto\"><figure class=\"wp-block-media-text__media\"><img loading=\"lazy\" decoding=\"async\" width=\"780\" height=\"760\" src=\"https:\/\/sy-belana.de\/wp-content\/uploads\/2020\/02\/Rute_Fiumicino_Genua.jpg\" alt=\"\" class=\"wp-image-171\" srcset=\"https:\/\/sy-belana.de\/wp-content\/uploads\/2020\/02\/Rute_Fiumicino_Genua.jpg 780w, https:\/\/sy-belana.de\/wp-content\/uploads\/2020\/02\/Rute_Fiumicino_Genua-300x292.jpg 300w, https:\/\/sy-belana.de\/wp-content\/uploads\/2020\/02\/Rute_Fiumicino_Genua-768x748.jpg 768w\" sizes=\"auto, (max-width: 780px) 100vw, 780px\" \/><\/figure><div class=\"wp-block-media-text__content\">\n<p class=\"has-normal-font-size\">Die Route begann bei Tecnomar im Tiber, eine Werft in Fiumicino.<br>Die Etappen waren:<br>&#8211; Civitavecchia<br>&#8211; Cala Galera<br>&#8211; Giglio<br>&#8211; Porto Azzurro (Elba)<br>&#8211; Portoferraio (Elba)<br>&#8211; Porto Vecchio (Capraia)<br>&#8211; Livorno<br>&#8211; La Spezia<br>&#8211; Genua<\/p>\n<\/div><\/div>\n\n\n\n<div class=\"wp-block-media-text alignwide has-media-on-the-right\"><figure class=\"wp-block-media-text__media\"><img loading=\"lazy\" decoding=\"async\" width=\"768\" height=\"1024\" src=\"https:\/\/sy-belana.de\/wp-content\/uploads\/2020\/02\/IMG-20180628-WA0025-768x1024.jpg\" alt=\"\" class=\"wp-image-174\" srcset=\"https:\/\/sy-belana.de\/wp-content\/uploads\/2020\/02\/IMG-20180628-WA0025-768x1024.jpg 768w, https:\/\/sy-belana.de\/wp-content\/uploads\/2020\/02\/IMG-20180628-WA0025-225x300.jpg 225w, https:\/\/sy-belana.de\/wp-content\/uploads\/2020\/02\/IMG-20180628-WA0025-1152x1536.jpg 1152w, https:\/\/sy-belana.de\/wp-content\/uploads\/2020\/02\/IMG-20180628-WA0025.jpg 1200w\" sizes=\"auto, (max-width: 768px) 100vw, 768px\" \/><\/figure><div class=\"wp-block-media-text__content\">\n<p class=\"has-normal-font-size\">Wir starteten Ende Juli 2018 in Fiumicino, wo ich die First 40.7 gekauft hatte. Zuvor haben wir etwa drei Monate die Belana restauriert, repariert und wieder seet\u00fcchtig gemacht.<br>Hierzu auch mehr in meinen Berichten \u00fcber Reparaturen und Schiffkauf.<br>\u00dcber die ganze Fahrt und auch sp\u00e4ter war uns der folgend genannte Hafenf\u00fchrer eine grosse Hilfe.<br>K\u00fcstenhandbuch Italien: Ventimiglia &#8211; Brindisi, mit Sardinien, Sizilien und Malta<\/p>\n<\/div><\/div>\n\n\n\n<div class=\"wp-block-media-text alignwide\"><figure class=\"wp-block-media-text__media\"><img loading=\"lazy\" decoding=\"async\" width=\"1024\" height=\"576\" src=\"https:\/\/sy-belana.de\/wp-content\/uploads\/2020\/02\/6E410DE6-E503-4D07-98B9-0C33D936C42A-1024x576.jpeg\" alt=\"\" class=\"wp-image-176\" srcset=\"https:\/\/sy-belana.de\/wp-content\/uploads\/2020\/02\/6E410DE6-E503-4D07-98B9-0C33D936C42A-1024x576.jpeg 1024w, https:\/\/sy-belana.de\/wp-content\/uploads\/2020\/02\/6E410DE6-E503-4D07-98B9-0C33D936C42A-300x169.jpeg 300w, https:\/\/sy-belana.de\/wp-content\/uploads\/2020\/02\/6E410DE6-E503-4D07-98B9-0C33D936C42A-768x432.jpeg 768w, https:\/\/sy-belana.de\/wp-content\/uploads\/2020\/02\/6E410DE6-E503-4D07-98B9-0C33D936C42A-1536x865.jpeg 1536w, https:\/\/sy-belana.de\/wp-content\/uploads\/2020\/02\/6E410DE6-E503-4D07-98B9-0C33D936C42A-2048x1153.jpeg 2048w\" sizes=\"auto, (max-width: 1024px) 100vw, 1024px\" \/><\/figure><div class=\"wp-block-media-text__content\">\n<p class=\"has-normal-font-size\">Unsere erste Etappe endete in Civitavecchia, wo wir erhofften weitere &#8222;neue&#8220; Sch\u00e4den beheben zu k\u00f6nnen.<br><\/p>\n<\/div><\/div>\n\n\n\n<p class=\"has-normal-font-size\"> Urspr\u00fcnglich sollte unsere erste Etappe in  Santa Marinella enden, wir hatten allerdings bei Ankunft keinen Platz mehr bekommen und mussten, getrieben von einem herannahenden Gewitter, weiter in die Marina Riva di Traiano nahe Civitavecchia.<br>Es ist eine grosse Marina und hat alle Services zu bieten, die man braucht f\u00fcr Reparaturen und Proviantierung. Die Marina hat eine sehr hohe und Dicke Mole und bietet sehr guten Schutz vor Wind und Schwell aus allen Richtungen. Einzig das W-Lan war nicht verf\u00fcgbar, was uns nicht wirklich st\u00f6rte, da wir einen Hotspot mit Italienischer SIM dabei hatten.<br>Preislich waren wir mit unseren knapp 12m bei 50\u20ac pro Nacht, dabei hatten wir Strom und Wasser am Steg.<\/p>\n\n\n\n<div class=\"wp-block-media-text alignwide\" style=\"grid-template-columns:46% auto\"><figure class=\"wp-block-media-text__media\"><img loading=\"lazy\" decoding=\"async\" width=\"576\" height=\"1024\" src=\"https:\/\/sy-belana.de\/wp-content\/uploads\/2020\/03\/IMG-20180719-WA0025-576x1024.jpg\" alt=\"\" class=\"wp-image-207\" srcset=\"https:\/\/sy-belana.de\/wp-content\/uploads\/2020\/03\/IMG-20180719-WA0025-576x1024.jpg 576w, https:\/\/sy-belana.de\/wp-content\/uploads\/2020\/03\/IMG-20180719-WA0025-169x300.jpg 169w, https:\/\/sy-belana.de\/wp-content\/uploads\/2020\/03\/IMG-20180719-WA0025-768x1364.jpg 768w, https:\/\/sy-belana.de\/wp-content\/uploads\/2020\/03\/IMG-20180719-WA0025.jpg 770w\" sizes=\"auto, (max-width: 576px) 100vw, 576px\" \/><\/figure><div class=\"wp-block-media-text__content\">\n<p class=\"has-normal-font-size\">Auf unserer n\u00e4chsten Etappe hat es unserem Vorsegel das Schot Horn herausgerissen. Es waren zum Gl\u00fcck nur die N\u00e4hte aufgegangen, weswegen eine Reparatur einfach m\u00f6glich sein sollte. Hierzu suchten wir uns eine Marina mit einem Segelmacher in der N\u00e4he. Die Wahl fiel also auf die nahegelegene Marina Cala Galera. Hier muss ich sagen, dass wenn da nicht der Segelmacher gewesen w\u00e4re wir keinen Tag dort geblieben w\u00e4ren. Die Nacht kostete uns 115 \u20ac und hatten dabei Wasser und Strom am Steg, keine weiteren Services die diesen Preis gerechtfertigt h\u00e4tten. Das Personal war auch nicht wirklich freundlich gesonnen. <\/p>\n<\/div><\/div>\n\n\n\n<p class=\"has-normal-font-size\">Am Ende kam auch der Segelmacher nicht und wir hatten ein altes noch funktionst\u00fcchtiges Segel angeschlagen, um auf der weiteren Reise nach Segelmachern Ausschau zu halten.<\/p>\n\n\n\n<div class=\"wp-block-media-text alignwide has-media-on-the-right\"><figure class=\"wp-block-media-text__media\"><img loading=\"lazy\" decoding=\"async\" width=\"1024\" height=\"767\" src=\"https:\/\/sy-belana.de\/wp-content\/uploads\/2020\/03\/IMG-20180720-WA0011-1024x767.jpg\" alt=\"\" class=\"wp-image-209\" srcset=\"https:\/\/sy-belana.de\/wp-content\/uploads\/2020\/03\/IMG-20180720-WA0011-1024x767.jpg 1024w, https:\/\/sy-belana.de\/wp-content\/uploads\/2020\/03\/IMG-20180720-WA0011-300x225.jpg 300w, https:\/\/sy-belana.de\/wp-content\/uploads\/2020\/03\/IMG-20180720-WA0011-768x576.jpg 768w, https:\/\/sy-belana.de\/wp-content\/uploads\/2020\/03\/IMG-20180720-WA0011-1536x1151.jpg 1536w, https:\/\/sy-belana.de\/wp-content\/uploads\/2020\/03\/IMG-20180720-WA0011.jpg 1600w\" sizes=\"auto, (max-width: 1024px) 100vw, 1024px\" \/><\/figure><div class=\"wp-block-media-text__content\">\n<p class=\"has-normal-font-size\">Unser n\u00e4chstes Etappen Ziel war die Insel Giglio, dort wollten wir zun\u00e4chst in den Hafen, dieser ist allerdings so klein, dass man da w\u00e4hrend den Sommermonaten keinen Platz bekommt. Infolge sind wir in die s\u00fcdlich gelegene Bucht &#8222;Cala dello Smeraldo&#8220; ausgewichen und verbrachten dort eine Nacht vor Anker.<\/p>\n<\/div><\/div>\n\n\n\n<p class=\"has-normal-font-size\">Wir hatten hier ruhig gelegen und einen tollen Badespass. Das Wasser an dieser Stelle ist sehr sauber und klar. Wir hatten auch einen tollen Blick auf den Felsen der hier der &#8222;Costa Concordia&#8220; zum Verh\u00e4ngnis wurde.<\/p>\n\n\n\n<div class=\"wp-block-media-text alignwide\" style=\"grid-template-columns:52% auto\"><figure class=\"wp-block-media-text__media\"><img loading=\"lazy\" decoding=\"async\" width=\"1024\" height=\"576\" src=\"https:\/\/sy-belana.de\/wp-content\/uploads\/2020\/03\/IMG-20180720-WA0015-1024x576.jpeg\" alt=\"\" class=\"wp-image-213\" srcset=\"https:\/\/sy-belana.de\/wp-content\/uploads\/2020\/03\/IMG-20180720-WA0015-1024x576.jpeg 1024w, https:\/\/sy-belana.de\/wp-content\/uploads\/2020\/03\/IMG-20180720-WA0015-300x169.jpeg 300w, https:\/\/sy-belana.de\/wp-content\/uploads\/2020\/03\/IMG-20180720-WA0015-768x432.jpeg 768w, https:\/\/sy-belana.de\/wp-content\/uploads\/2020\/03\/IMG-20180720-WA0015-1536x864.jpeg 1536w, https:\/\/sy-belana.de\/wp-content\/uploads\/2020\/03\/IMG-20180720-WA0015-2048x1152.jpeg 2048w\" sizes=\"auto, (max-width: 1024px) 100vw, 1024px\" \/><\/figure><div class=\"wp-block-media-text__content\">\n<p class=\"has-normal-font-size\">Am n\u00e4chsten Tag machten wir uns auf nach Elba und steuerten Porto Azzuro an. Auch hier sahen wir schon von weitem, dass es hier keinen Platz mehr gibt, weswegen wir uns in der gleichnamigen Bucht vor Anker legten.<br><\/p>\n<\/div><\/div>\n\n\n\n<p>Zum Ankern fuhren wir weit in die Bucht nach hinten hinein, wo man dann auch sehr ruhig liegt, Solange es keinen Ostschwell gibt. Leider ist an der Stelle in der Bucht das Wasser nicht sehr sauber und es findet sich permanent Plastikm\u00fcll.<br>Wir lagen nahe an einem Steg f\u00fcr Dinghis der zu einem Restaurant auf der Klippe an der Bucht geh\u00f6rt. Dort haben wir hervorragend gegessen und einen tollen Blick \u00fcber die gesamte Bucht und auf Belana gehabt.<\/p>\n\n\n\n<div class=\"wp-block-media-text alignwide\" style=\"grid-template-columns:43% auto\"><figure class=\"wp-block-media-text__media\"><img loading=\"lazy\" decoding=\"async\" width=\"1024\" height=\"576\" src=\"https:\/\/sy-belana.de\/wp-content\/uploads\/2020\/03\/IMG-20180725-WA0004-1024x576.jpg\" alt=\"\" class=\"wp-image-219\" srcset=\"https:\/\/sy-belana.de\/wp-content\/uploads\/2020\/03\/IMG-20180725-WA0004-1024x576.jpg 1024w, https:\/\/sy-belana.de\/wp-content\/uploads\/2020\/03\/IMG-20180725-WA0004-300x169.jpg 300w, https:\/\/sy-belana.de\/wp-content\/uploads\/2020\/03\/IMG-20180725-WA0004-768x432.jpg 768w, https:\/\/sy-belana.de\/wp-content\/uploads\/2020\/03\/IMG-20180725-WA0004-1536x864.jpg 1536w, https:\/\/sy-belana.de\/wp-content\/uploads\/2020\/03\/IMG-20180725-WA0004.jpg 1599w\" sizes=\"auto, (max-width: 1024px) 100vw, 1024px\" \/><\/figure><div class=\"wp-block-media-text__content\">\n<p class=\"has-normal-font-size\">Im Anschluss fuhren wir weiter nach Portoferraio auf Elba und blieben dort drei Tage. Die erste Nacht in Portoferraio selbst, danach waren wir vor Anker in der Bucht vor Portoferraio und zu guter Letzt waren wir in der Marina Esaom Cesa.<\/p>\n<\/div><\/div>\n\n\n\n<p>Die Nacht in Portoferraio wahr sehr angenehm und man muss es mal gesehen haben. Man macht direkt an der Flaniermeile der Stadt fest, entsprechend ist das abendliche Programm. In der Nacht vor Anker wollten wir ungest\u00f6rt und ohne Menschentrubel sein. Wir wurden dann allerdings in der Nacht von einem Gewitter heimgesucht, was einen dann schlecht schlafen liess. Abschliessend waren wir in der Marina Esaom Cesa am westlichen Ende der Bucht, wo wir sehr ruhig und mit 29 Euro sehr g\u00fcnstig gelegen haben. Hier gab es kostenfrei Fahrradverleih, was perfekt zum erkunden der Stadt war. <\/p>\n\n\n\n<div class=\"wp-block-media-text alignwide\"><figure class=\"wp-block-media-text__media\"><img loading=\"lazy\" decoding=\"async\" width=\"1024\" height=\"768\" src=\"https:\/\/sy-belana.de\/wp-content\/uploads\/2020\/03\/20180724_194548-1024x768.jpg\" alt=\"\" class=\"wp-image-221\" srcset=\"https:\/\/sy-belana.de\/wp-content\/uploads\/2020\/03\/20180724_194548-1024x768.jpg 1024w, https:\/\/sy-belana.de\/wp-content\/uploads\/2020\/03\/20180724_194548-300x225.jpg 300w, https:\/\/sy-belana.de\/wp-content\/uploads\/2020\/03\/20180724_194548-768x576.jpg 768w, https:\/\/sy-belana.de\/wp-content\/uploads\/2020\/03\/20180724_194548-1536x1152.jpg 1536w, https:\/\/sy-belana.de\/wp-content\/uploads\/2020\/03\/20180724_194548-2048x1536.jpg 2048w\" sizes=\"auto, (max-width: 1024px) 100vw, 1024px\" \/><\/figure><div class=\"wp-block-media-text__content\">\n<p class=\"has-normal-font-size\">Nach Elba besuchten wir die Insel Capraia und machten dort im Hafen fest. Dieser ist sehr klein und man sollte sich hier fr\u00fchzeitig anmelden um einen Platz zu bekommen.<\/p>\n<\/div><\/div>","protected":false},"excerpt":{"rendered":"<p>Die Route begann bei Tecnomar im Tiber, eine Werft in Fiumicino.Die Etappen waren:&#8211; Civitavecchia&#8211; Cala Galera&#8211; Giglio&#8211; Porto Azzurro (Elba)&#8211; Portoferraio (Elba)&#8211; Porto Vecchio (Capraia)&#8211; Livorno&#8211; La Spezia&#8211; Genua Wir starteten Ende Juli 2018 in Fiumicino, wo ich die First 40.7 gekauft hatte. Zuvor haben wir etwa drei Monate die Belana restauriert, repariert und wieder&hellip; <a class=\"more-link\" href=\"https:\/\/sy-belana.de\/en\/turns\/von-fiumicino-nach-genua\/\">Continue reading <span class=\"screen-reader-text\">Von Fiumicino nach Genua<\/span><\/a><\/p>","protected":false},"author":1,"featured_media":0,"parent":20,"menu_order":0,"comment_status":"closed","ping_status":"closed","template":"","meta":{"ngg_post_thumbnail":0,"footnotes":""},"class_list":["post-170","page","type-page","status-publish","hentry","entry"],"_links":{"self":[{"href":"https:\/\/sy-belana.de\/en\/wp-json\/wp\/v2\/pages\/170","targetHints":{"allow":["GET"]}}],"collection":[{"href":"https:\/\/sy-belana.de\/en\/wp-json\/wp\/v2\/pages"}],"about":[{"href":"https:\/\/sy-belana.de\/en\/wp-json\/wp\/v2\/types\/page"}],"author":[{"embeddable":true,"href":"https:\/\/sy-belana.de\/en\/wp-json\/wp\/v2\/users\/1"}],"replies":[{"embeddable":true,"href":"https:\/\/sy-belana.de\/en\/wp-json\/wp\/v2\/comments?post=170"}],"version-history":[{"count":34,"href":"https:\/\/sy-belana.de\/en\/wp-json\/wp\/v2\/pages\/170\/revisions"}],"predecessor-version":[{"id":275,"href":"https:\/\/sy-belana.de\/en\/wp-json\/wp\/v2\/pages\/170\/revisions\/275"}],"up":[{"embeddable":true,"href":"https:\/\/sy-belana.de\/en\/wp-json\/wp\/v2\/pages\/20"}],"wp:attachment":[{"href":"https:\/\/sy-belana.de\/en\/wp-json\/wp\/v2\/media?parent=170"}],"curies":[{"name":"wp","href":"https:\/\/api.w.org\/{rel}","templated":true}]}}